{"id":1612,"date":"2025-05-23T11:37:08","date_gmt":"2025-05-23T11:37:08","guid":{"rendered":"https:\/\/shop-writer-com-877263.hostingersite.com\/?page_id=1612"},"modified":"2026-02-23T14:16:50","modified_gmt":"2026-02-23T14:16:50","slug":"acuerdo-de-licencia","status":"publish","type":"page","link":"https:\/\/shop-writer.com\/es\/license-agreement\/","title":{"rendered":"Acuerdo de licencia"},"content":{"rendered":"<section class=\"l-section wpb_row us_custom_d22aebac has_text_color height_small color_primary\"><div class=\"l-section-h i-cf\"><div class=\"g-cols vc_row via_grid cols_1 laptops-cols_inherit tablets-cols_inherit mobiles-cols_1 valign_top type_default stacking_default\"><div class=\"wpb_column vc_column_container\"><div class=\"vc_column-inner\"><div class=\"g-cols wpb_row via_grid cols_1 laptops-cols_inherit tablets-cols_inherit mobiles-cols_1 valign_top type_default stacking_default\" style=\"--columns-gap:3rem;\"><div class=\"wpb_column vc_column_container\"><div class=\"vc_column-inner\"><h1 class=\"w-text\"><span class=\"w-text-h\"><span class=\"w-text-value\">Acuerdo de licencia<\/span><\/span><\/h1><\/div><\/div><\/div><\/div><\/div><\/div><\/div><\/section><section class=\"l-section wpb_row height_large\"><div class=\"l-section-h i-cf\"><div class=\"g-cols vc_row via_grid cols_1 laptops-cols_inherit tablets-cols_inherit mobiles-cols_1 valign_top type_default stacking_default\"><div class=\"wpb_column vc_column_container\"><div class=\"vc_column-inner\"><div class=\"wpb_text_column\"><div class=\"wpb_wrapper\"><p><strong><span>Versi\u00f3n: 1.0<\/span><\/strong><\/p>\n<p><span>Este documento combina los requisitos del <strong>Licencia P\u00fablica General de GNU (GPL v2)<\/strong> - necesario para publicar la versi\u00f3n gratuita de ShopWriter en WordPress.org - con el <strong>condiciones de uso comercial de la API<\/strong> aplicado a las claves API gratuitas y de pago de ShopWriter.<\/span><\/p>\n<p><span>Todo el c\u00f3digo del plugin se distribuye a trav\u00e9s de los repositorios de WordPress.org<br \/>\nest\u00e1 licenciado bajo GPL v2 o posterior. El uso de la API tiene licencia comercial.<\/span><\/p>\n<h2><span>1. LICENCIA GPL (APLICABLE AL PLUGIN WORDPRESS.ORG)<\/span><\/h2>\n<p><strong><span>ShopWriter (gratuito)<\/span><\/strong><span> est\u00e1 licenciado bajo la Licencia P\u00fablica General GNU, Versi\u00f3n 2 (GPL v2) o cualquier versi\u00f3n posterior.<\/span><\/p>\n<p><span>LICENCIA P\u00daBLICA GENERAL GNU<\/span><span><br \/>\nVersi\u00f3n 2, junio de 1991<\/span><\/p>\n<p>Copyright (C) 1989, 1991 Free Software Foundation, Inc.<br \/>\n51 Franklin Street, Fifth Floor, Boston, MA 02110-1301 EE.UU.<\/p>\n<p>Todo el mundo puede copiar y distribuir copias literales.<br \/>\nde este documento de licencia, pero no est\u00e1 permitido cambiarlo.<\/p>\n<p>LICENCIA P\u00daBLICA GENERAL GNU<br \/>\nVersi\u00f3n 2, junio de 1991<\/p>\n<p>Copyright (C) 1989, 1991 Free Software Foundation, Inc.,<br \/>\n51 Franklin Street, Fifth Floor, Boston, MA 02110-1301 EE.UU.<\/p>\n<p>Todo el mundo puede copiar y distribuir copias literales.<br \/>\nde este documento de licencia, pero no est\u00e1 permitido cambiarlo.<\/p>\n<p>Las licencias de la mayor\u00eda de los programas inform\u00e1ticos est\u00e1n dise\u00f1adas para quitarte el<br \/>\nlibertad para compartirlo y modificarlo. Por el contrario, el GNU General Public<br \/>\nLa licencia pretende garantizar su libertad para compartir y modificar libremente<br \/>\npara asegurarse de que el software es gratuito para todos sus usuarios. Este<br \/>\nLa Licencia P\u00fablica General se aplica a la mayor parte del Software Libre<br \/>\nFoundation y a cualquier otro programa cuyos autores se comprometan a<br \/>\nutilizarlo. (Algunos otros programas de la Fundaci\u00f3n para el Software Libre est\u00e1n cubiertos por<br \/>\nla Licencia P\u00fablica General Reducida de GNU). Puede aplicarla a<br \/>\ntambi\u00e9n sus programas.<\/p>\n<p>Cuando hablamos de software libre, nos referimos a libertad, no a<br \/>\nprecio. Nuestras Licencias P\u00fablicas Generales est\u00e1n dise\u00f1adas para garantizar que usted<br \/>\nlibertad para distribuir copias de software libre (y cobrar por ellas).<br \/>\neste servicio si lo desea), que recibe el c\u00f3digo fuente o puede obtenerlo<br \/>\nsi lo desea, que puede cambiar el software o utilizar partes de \u00e9l<br \/>\nen nuevos programas gratuitos; y que sepas que puedes hacer estas cosas.<\/p>\n<p>Para proteger sus derechos, debemos establecer restricciones que proh\u00edban<br \/>\na nadie que le deniegue estos derechos o le pida que renuncie a ellos.<br \/>\nEstas restricciones se traducen en ciertas responsabilidades para usted si<br \/>\nsi distribuye copias del software o si lo modifica.<\/p>\n<p>Por ejemplo, si distribuye copias de un programa de este tipo, ya sea<br \/>\ngratuita u onerosa, debe conceder a los destinatarios todos los derechos que<br \/>\nque t\u00fa tienes. Debes asegurarte de que ellos tambi\u00e9n reciban o puedan obtener la<br \/>\nc\u00f3digo fuente. Y debe mostrarles estos t\u00e9rminos para que sepan su<br \/>\nderechos.<\/p>\n<p>Protegemos sus derechos en dos pasos: (1) los derechos de autor del software, y<br \/>\n(2) ofrecerle esta licencia que le da permiso legal para copiar,<br \/>\ndistribuir y\/o modificar el software.<\/p>\n<p>Adem\u00e1s, para la protecci\u00f3n de cada autor y la nuestra, queremos asegurarnos de que<br \/>\nque todo el mundo entienda que no hay garant\u00eda para este<br \/>\nsoftware. Si el software es modificado por otra persona y transmitido, nosotros<br \/>\nquiere que sus destinatarios sepan que lo que tienen no es el original, por lo que<br \/>\nque cualquier problema introducido por otros no se reflejar\u00e1 en el original.<br \/>\nreputaci\u00f3n de los autores.<\/p>\n<p>Por \u00faltimo, cualquier programa libre se ve amenazado constantemente por software<br \/>\npatentes. Queremos evitar el peligro de que los redistribuidores de una<br \/>\nprograma obtendr\u00e1n individualmente licencias de patentes, con lo que el<br \/>\ndel programa. Para evitarlo, hemos dejado claro que cualquier<br \/>\nLas patentes deben ser objeto de licencia para el libre uso de todos o no ser objeto de licencia alguna.<\/p>\n<p>Los t\u00e9rminos y condiciones precisos para la copia, distribuci\u00f3n y<br \/>\nsigue la modificaci\u00f3n.<\/p>\n<p>CONDICIONES DE COPIA, DISTRIBUCI\u00d3N Y MODIFICACI\u00d3N<\/p>\n<p>Esta Licencia se aplica a cualquier programa u otro trabajo que contenga<br \/>\nun aviso colocado por el titular de los derechos de autor que indique que puede distribuirse<br \/>\nbajo los t\u00e9rminos de esta Licencia P\u00fablica General. El \u201cPrograma\u201d, a continuaci\u00f3n,<br \/>\nse refiere a cualquier programa u obra de este tipo, y una \u201cobra basada en el Programa\u201d<br \/>\nse refiere al Programa o a cualquier obra derivada en virtud de la legislaci\u00f3n sobre derechos de autor:<br \/>\nes decir, una obra que contiene el Programa o una parte del mismo,<br \/>\nliteralmente o con modificaciones y\/o traducido a otro idioma<br \/>\nidioma. (En lo sucesivo, la traducci\u00f3n se incluye sin limitaci\u00f3n en<br \/>\nel t\u00e9rmino \u201cmodificaci\u00f3n\u201d). A cada licenciatario se le llama \u201custed\u201d.<\/p>\n<p>Las actividades distintas de la copia, distribuci\u00f3n y modificaci\u00f3n no son<br \/>\ncubiertos por esta Licencia; quedan fuera de su \u00e1mbito de aplicaci\u00f3n. El acto de<br \/>\nejecuci\u00f3n del Programa no est\u00e1 restringida, y la salida del Programa<br \/>\ns\u00f3lo est\u00e1 cubierta si su contenido constituye una obra basada en la<br \/>\nPrograma (independientemente de que se haya realizado ejecutando el Programa).<br \/>\nQue eso sea cierto depende de lo que haga el Programa.<\/p>\n<p>1. Puede copiar y distribuir copias literales del Programa de<br \/>\nc\u00f3digo fuente tal como lo reciba, en cualquier soporte, siempre que<br \/>\npublicar en cada ejemplar, de forma visible y apropiada, un<br \/>\naviso de copyright y renuncia de garant\u00eda; mantenga intactos todos los<br \/>\navisos que hacen referencia a esta Licencia y a la ausencia de cualquier garant\u00eda;<br \/>\ny entregar a cualquier otro destinatario del Programa una copia de esta Licencia<br \/>\njunto con el Programa.<\/p>\n<p>Puede cobrar una tasa por el acto f\u00edsico de transferir una copia, y<br \/>\npuede, a su elecci\u00f3n, ofrecer protecci\u00f3n de garant\u00eda a cambio de una comisi\u00f3n.<\/p>\n<p>2. Usted puede modificar su copia o copias del Programa o cualquier porci\u00f3n<br \/>\ndel mismo, formando as\u00ed una obra basada en el Programa, y copiar y<br \/>\ndistribuir dichas modificaciones o trabajos con arreglo a lo dispuesto en la Secci\u00f3n 1<br \/>\nanterior, siempre que tambi\u00e9n cumpla todas estas condiciones:<\/p>\n<p>(a) Debe hacer que los archivos modificados lleven avisos destacados<br \/>\nindicando que ha modificado los archivos y la fecha de la modificaci\u00f3n.<\/p>\n<p>(b) Debe hacer que cualquier trabajo que distribuya o publique, que en<br \/>\ntotal o parcialmente contenga o se derive del Programa o de cualquier parte<br \/>\nde la misma, para ser licenciada en su conjunto sin coste alguno a todos los terceros<br \/>\nbajo los t\u00e9rminos de esta Licencia.<\/p>\n<p>(c) Si el programa modificado lee normalmente los comandos de forma interactiva<br \/>\ncuando se ejecuta, debe hacer que, cuando se inicia la ejecuci\u00f3n de tales<br \/>\nuso interactivo de la forma m\u00e1s ordinaria, para imprimir o mostrar un<br \/>\nanuncio que incluya un aviso de copyright adecuado y un<br \/>\naviso de que no hay garant\u00eda (o bien, diciendo que usted proporciona<br \/>\nuna garant\u00eda) y que los usuarios pueden redistribuir el programa bajo<br \/>\nestas condiciones, e indicando al usuario c\u00f3mo ver una copia de esta<br \/>\nLicencia. (Excepci\u00f3n: si el Programa en s\u00ed es interactivo pero no<br \/>\nnormalmente no imprime un anuncio de este tipo, su trabajo basado en la<br \/>\nEl programa no es necesario para imprimir un anuncio).<\/p>\n<p>Estos requisitos se aplican a la obra modificada en su conjunto. Si<br \/>\nlas secciones identificables de esa obra no se derivan del Programa,<br \/>\ny pueden considerarse razonablemente obras independientes y separadas en<br \/>\nesta Licencia y sus t\u00e9rminos no se aplican a los mismos.<br \/>\ncuando las distribuya como obras separadas.<\/p>\n<p>3. Puede copiar y distribuir el Programa (o un trabajo basado en \u00e9l,<br \/>\ncon arreglo a la Secci\u00f3n 2) en c\u00f3digo objeto o en forma ejecutable con arreglo a las condiciones de<br \/>\nLos apartados 1 y 2 anteriores, siempre que tambi\u00e9n realice una de las siguientes acciones:<\/p>\n<p>(a) Acompa\u00f1arla de la correspondiente versi\u00f3n completa legible por m\u00e1quina<br \/>\nc\u00f3digo fuente<\/p>\n<h2><span>SIN GARANT\u00cdA (GPL SECCI\u00d3N 11)<\/span><\/h2>\n<p><span>ESTE PROGRAMA SE DISTRIBUYE CON LA ESPERANZA DE QUE SEA \u00daTIL, PERO <strong>SIN NINGUNA GARANT\u00cdA<\/strong>; SIN NI SIQUIERA LA GARANT\u00cdA IMPL\u00cdCITA DE COMERCIABILIDAD O IDONEIDAD PARA UN FIN DETERMINADO. USTED ASUME TODO EL RIESGO EN CUANTO A LA CALIDAD Y EL FUNCIONAMIENTO DEL PROGRAMA. SI EL PROGRAMA RESULTARA DEFECTUOSO, USTED ASUME TODOS LOS COSTES DE MANTENIMIENTO, REPARACI\u00d3N O CORRECCI\u00d3N.<\/span><\/p>\n<h2><span>2. CONDICIONES DE LA LICENCIA COMERCIAL DE SHOPWRITER (APLICABLES AL USO DE LA API)<\/span><\/h2>\n<p><span>Hay <strong>no hay versi\u00f3n Pro separada del plugin<\/strong>. Todo el c\u00f3digo del plugin es GPL, pero algunas funciones requieren un <strong>clave API gratuita o de pago<\/strong> disponible en shop-writer.com\/.<\/span><\/p>\n<p><span>El plugin sigue siendo gratuito y GPL. El servicio API tiene licencia comercial.<\/span><\/p>\n<h2><span>2.1 Concesi\u00f3n de licencia API<\/span><\/h2>\n<p><span>Al obtener una clave API de pago, recibir\u00e1 un <strong>licencia intransferible<\/strong> para acceder y utilizar la API ShopWriter dentro de los l\u00edmites de su suscripci\u00f3n.<\/span><\/p>\n<p><span>Esta licencia API es <strong>separar<\/strong> de la licencia GPL del plugin.<\/span><\/p>\n<h2><span>2.2 Restricciones de uso de la API<\/span><\/h2>\n<p><span>Se aplican las siguientes restricciones <strong>s\u00f3lo<\/strong> al uso de la API: - Puede <strong>no<\/strong> compartir, vender, transferir o publicar su clave API. - Usted puede <strong>no<\/strong> hacer un uso indebido de la API (incluido el scraping masivo, el spam automatizado o la automatizaci\u00f3n abusiva). - Usted puede <strong>no<\/strong> intentar eludir la autenticaci\u00f3n, los l\u00edmites de velocidad o los mecanismos de seguridad. - Es posible que <strong>no<\/strong> revender la API o su resultado como un servicio independiente sin autorizaci\u00f3n por escrito.<\/span><\/p>\n<p><span>Estas restricciones <strong>no<\/strong> se aplican al c\u00f3digo del plugin GPL.<\/span><\/p>\n<h2><span>2.3 Propiedad<\/span><\/h2>\n<p><span>Todos los derechos sobre la API, la l\u00f3gica de la plataforma, los servicios de salida de IA y la infraestructura siguen siendo propiedad exclusiva de ShopWriter.<\/span><\/p>\n<h2><span>2.4 Actualizaciones y acceso<\/span><\/h2>\n<ul>\n<li>Las actualizaciones de los plugins se distribuyen bajo licencia GPL.<br \/>\nAlgunas funciones de la API requieren una clave de API v\u00e1lida.<\/li>\n<li><span>El acceso a la API s\u00f3lo est\u00e1 disponible con una clave v\u00e1lida gratuita o de pago.<\/span><\/li>\n<li><span>Las funciones de la API de pago s\u00f3lo son accesibles mientras la suscripci\u00f3n est\u00e9 activa.<\/span><\/li>\n<\/ul>\n<h2><span>2.5 Finalizaci\u00f3n del acceso a la API<\/span><\/h2>\n<p><span>ShopWriter puede suspender o cancelar el acceso a la API si: - se infringen las condiciones de la API, - se detectan abusos o riesgos de seguridad, - una suscripci\u00f3n caduca o se cancela.<\/span><\/p>\n<p><span>Este <strong>no<\/strong> afectan a su derecho a seguir utilizando el plugin GPL.<\/span><\/p>\n<h2><span>2.6 Descargo de responsabilidad de la API<\/span><\/h2>\n<p><span>En la m\u00e1xima medida permitida por la ley: - ShopWriter no ser\u00e1 responsable de ning\u00fan da\u00f1o derivado del uso de la API, incluida la salida incorrecta de IA, el tiempo de inactividad, la p\u00e9rdida de datos, la interrupci\u00f3n del negocio o los da\u00f1os indirectos o consecuentes.<\/span><\/p>\n<h2><span>2.7 No hay garant\u00eda para los servicios API<\/span><\/h2>\n<p><span>La API se proporciona <strong>\u201cTAL CUAL\u201d<\/strong>, sin ninguna garant\u00eda en cuanto a disponibilidad, tiempo de funcionamiento, exactitud o idoneidad para cualquier fin.<\/span><\/p>\n<h2>2.8 Marca ShopWriter y derechos de propiedad<\/h2>\n<p>El nombre, el logotipo, la marca y la plataforma en la nube de ShopWriter,<br \/>\nModelos de IA, avisos, conjuntos de datos, plantillas, servicios backend<br \/>\ny la infraestructura del servidor est\u00e1n patentados y no son<br \/>\ncon licencia GPL.<\/p>\n<p><strong>2.9 No uso competitivo \/ Ingenier\u00eda inversa<\/strong><\/p>\n<p>No puede utilizar la salida de la API para entrenar modelos de IA externos<br \/>\no conjuntos de datos sin autorizaci\u00f3n escrita.<\/p>\n<h2><span>3. EXPLICACI\u00d3N DE LA DOBLE LICENCIA<\/span><\/h2>\n<p><span>ShopWriter utiliza una estructura de licencias h\u00edbrida:<\/span><\/p>\n<h3><span>\u2714 C\u00f3digo del plugin \u2192 GPL v2 o posterior.<\/span><\/h3>\n<p>El c\u00f3digo del plugin est\u00e1 licenciado bajo GPL v2 o posterior.<\/p>\n<h3><span>\u2714 Servicio API \u2192 Licencia comercial<\/span><\/h3>\n<p><span>Los usuarios pueden <strong>no<\/strong>Compartir o vender claves de API - Eludir los l\u00edmites de tarifa o autenticaci\u00f3n - Revender la salida de la API como un servicio independiente sin permiso<\/span><\/p>\n<p><span>Este modelo cumple plenamente los requisitos de licencia de WordPress.org.<\/span><\/p>\n<h2><span>4. CONTACTO<\/span><\/h2>\n<p><span>Para licencias o cuestiones jur\u00eddicas: <strong>ShopWriter - Soporte de licencias<\/strong><br \/>\nP\u00e1gina web: https:\/\/shop-writer.com\/contact<\/span><\/p>\n<\/div><\/div><\/div><\/div><\/div><\/div><\/section>","protected":false},"excerpt":{"rendered":"License agreementVersion: 1.0 This document combines the requirements of the GNU General Public License (GPL v2) \u2014 required for publishing the free version of ShopWriter on WordPress.org \u2014 with the commercial API usage terms applied to ShopWriter\u2019s free and paid API keys. All plugin code distributed via WordPress.org repositories is licensed under GPL v2 or...","protected":false},"author":1,"featured_media":0,"parent":0,"menu_order":0,"comment_status":"closed","ping_status":"closed","template":"","meta":{"footnotes":""},"class_list":["post-1612","page","type-page","status-publish","hentry"],"yoast_head":"<!-- This site is optimized with the Yoast SEO plugin v27.1.1 - https:\/\/yoast.com\/product\/yoast-seo-wordpress\/ -->\n<title>License Agreement | ShopWriter<\/title>\n<meta name=\"robots\" content=\"index, follow, max-snippet:-1, max-image-preview:large, max-video-preview:-1\" \/>\n<link rel=\"canonical\" href=\"https:\/\/shop-writer.com\/es\/acuerdo-de-licencia\/\" \/>\n<meta property=\"og:locale\" content=\"es_ES\" \/>\n<meta property=\"og:type\" content=\"article\" \/>\n<meta property=\"og:title\" content=\"License Agreement | ShopWriter\" \/>\n<meta property=\"og:url\" content=\"https:\/\/shop-writer.com\/es\/acuerdo-de-licencia\/\" \/>\n<meta property=\"og:site_name\" content=\"ShopWriter\" \/>\n<meta property=\"article:modified_time\" content=\"2026-02-23T14:16:50+00:00\" \/>\n<meta property=\"og:image\" content=\"https:\/\/shop-writer.com\/wp-content\/uploads\/2025\/05\/logo.png\" \/>\n\t<meta property=\"og:image:width\" content=\"500\" \/>\n\t<meta property=\"og:image:height\" content=\"223\" \/>\n\t<meta property=\"og:image:type\" content=\"image\/png\" \/>\n<meta name=\"twitter:card\" content=\"summary_large_image\" \/>\n<meta name=\"twitter:label1\" content=\"Tiempo de lectura\" \/>\n\t<meta name=\"twitter:data1\" content=\"8 minutos\" \/>\n<script type=\"application\/ld+json\" class=\"yoast-schema-graph\">{\"@context\":\"https:\/\/schema.org\",\"@graph\":[{\"@type\":\"WebPage\",\"@id\":\"https:\/\/shop-writer.com\/license-agreement\/\",\"url\":\"https:\/\/shop-writer.com\/license-agreement\/\",\"name\":\"License Agreement | ShopWriter\",\"isPartOf\":{\"@id\":\"https:\/\/shop-writer.com\/#website\"},\"datePublished\":\"2025-05-23T11:37:08+00:00\",\"dateModified\":\"2026-02-23T14:16:50+00:00\",\"breadcrumb\":{\"@id\":\"https:\/\/shop-writer.com\/license-agreement\/#breadcrumb\"},\"inLanguage\":\"es\",\"potentialAction\":[{\"@type\":\"ReadAction\",\"target\":[\"https:\/\/shop-writer.com\/license-agreement\/\"]}]},{\"@type\":\"BreadcrumbList\",\"@id\":\"https:\/\/shop-writer.com\/license-agreement\/#breadcrumb\",\"itemListElement\":[{\"@type\":\"ListItem\",\"position\":1,\"name\":\"Home\",\"item\":\"https:\/\/shop-writer.com\/\"},{\"@type\":\"ListItem\",\"position\":2,\"name\":\"License Agreement\"}]},{\"@type\":\"WebSite\",\"@id\":\"https:\/\/shop-writer.com\/#website\",\"url\":\"https:\/\/shop-writer.com\/\",\"name\":\"ShopWriter\",\"description\":\"\",\"publisher\":{\"@id\":\"https:\/\/shop-writer.com\/#organization\"},\"alternateName\":\"ShopWriter\",\"potentialAction\":[{\"@type\":\"SearchAction\",\"target\":{\"@type\":\"EntryPoint\",\"urlTemplate\":\"https:\/\/shop-writer.com\/?s={search_term_string}\"},\"query-input\":{\"@type\":\"PropertyValueSpecification\",\"valueRequired\":true,\"valueName\":\"search_term_string\"}}],\"inLanguage\":\"es\"},{\"@type\":\"Organization\",\"@id\":\"https:\/\/shop-writer.com\/#organization\",\"name\":\"ShopWriter\",\"alternateName\":\"ShopW\",\"url\":\"https:\/\/shop-writer.com\/\",\"logo\":{\"@type\":\"ImageObject\",\"inLanguage\":\"es\",\"@id\":\"https:\/\/shop-writer.com\/#\/schema\/logo\/image\/\",\"url\":\"\",\"contentUrl\":\"\",\"caption\":\"ShopWriter\"},\"image\":{\"@id\":\"https:\/\/shop-writer.com\/#\/schema\/logo\/image\/\"}}]}<\/script>\n<!-- \/ Yoast SEO plugin. -->","yoast_head_json":{"title":"Acuerdo de licencia | ShopWriter","robots":{"index":"index","follow":"follow","max-snippet":"max-snippet:-1","max-image-preview":"max-image-preview:large","max-video-preview":"max-video-preview:-1"},"canonical":"https:\/\/shop-writer.com\/es\/acuerdo-de-licencia\/","og_locale":"es_ES","og_type":"article","og_title":"License Agreement | ShopWriter","og_url":"https:\/\/shop-writer.com\/es\/acuerdo-de-licencia\/","og_site_name":"ShopWriter","article_modified_time":"2026-02-23T14:16:50+00:00","og_image":[{"width":500,"height":223,"url":"https:\/\/shop-writer.com\/wp-content\/uploads\/2025\/05\/logo.png","type":"image\/png"}],"twitter_card":"summary_large_image","twitter_misc":{"Tiempo de lectura":"8 minutos"},"schema":{"@context":"https:\/\/schema.org","@graph":[{"@type":"WebPage","@id":"https:\/\/shop-writer.com\/license-agreement\/","url":"https:\/\/shop-writer.com\/license-agreement\/","name":"Acuerdo de licencia | ShopWriter","isPartOf":{"@id":"https:\/\/shop-writer.com\/#website"},"datePublished":"2025-05-23T11:37:08+00:00","dateModified":"2026-02-23T14:16:50+00:00","breadcrumb":{"@id":"https:\/\/shop-writer.com\/license-agreement\/#breadcrumb"},"inLanguage":"es","potentialAction":[{"@type":"ReadAction","target":["https:\/\/shop-writer.com\/license-agreement\/"]}]},{"@type":"BreadcrumbList","@id":"https:\/\/shop-writer.com\/license-agreement\/#breadcrumb","itemListElement":[{"@type":"ListItem","position":1,"name":"Home","item":"https:\/\/shop-writer.com\/"},{"@type":"ListItem","position":2,"name":"License Agreement"}]},{"@type":"WebSite","@id":"https:\/\/shop-writer.com\/#website","url":"https:\/\/shop-writer.com\/","name":"Escritor de tiendas","description":"","publisher":{"@id":"https:\/\/shop-writer.com\/#organization"},"alternateName":"ShopWriter","potentialAction":[{"@type":"SearchAction","target":{"@type":"EntryPoint","urlTemplate":"https:\/\/shop-writer.com\/?s={search_term_string}"},"query-input":{"@type":"PropertyValueSpecification","valueRequired":true,"valueName":"search_term_string"}}],"inLanguage":"es"},{"@type":"Organization","@id":"https:\/\/shop-writer.com\/#organization","name":"Escritor de tiendas","alternateName":"ShopW","url":"https:\/\/shop-writer.com\/","logo":{"@type":"ImageObject","inLanguage":"es","@id":"https:\/\/shop-writer.com\/#\/schema\/logo\/image\/","url":"","contentUrl":"","caption":"ShopWriter"},"image":{"@id":"https:\/\/shop-writer.com\/#\/schema\/logo\/image\/"}}]}},"_links":{"self":[{"href":"https:\/\/shop-writer.com\/es\/wp-json\/wp\/v2\/pages\/1612","targetHints":{"allow":["GET"]}}],"collection":[{"href":"https:\/\/shop-writer.com\/es\/wp-json\/wp\/v2\/pages"}],"about":[{"href":"https:\/\/shop-writer.com\/es\/wp-json\/wp\/v2\/types\/page"}],"author":[{"embeddable":true,"href":"https:\/\/shop-writer.com\/es\/wp-json\/wp\/v2\/users\/1"}],"replies":[{"embeddable":true,"href":"https:\/\/shop-writer.com\/es\/wp-json\/wp\/v2\/comments?post=1612"}],"version-history":[{"count":10,"href":"https:\/\/shop-writer.com\/es\/wp-json\/wp\/v2\/pages\/1612\/revisions"}],"predecessor-version":[{"id":4574,"href":"https:\/\/shop-writer.com\/es\/wp-json\/wp\/v2\/pages\/1612\/revisions\/4574"}],"wp:attachment":[{"href":"https:\/\/shop-writer.com\/es\/wp-json\/wp\/v2\/media?parent=1612"}],"curies":[{"name":"wp","href":"https:\/\/api.w.org\/{rel}","templated":true}]}}