{"id":477,"date":"2021-11-15T15:03:34","date_gmt":"2021-11-15T15:03:34","guid":{"rendered":"https:\/\/impreza26.us-themes.com\/?page_id=477"},"modified":"2026-02-19T10:47:33","modified_gmt":"2026-02-19T10:47:33","slug":"pongase-en-contacto-con","status":"publish","type":"page","link":"https:\/\/shop-writer.com\/es\/contact\/","title":{"rendered":"P\u00f3ngase en contacto con"},"content":{"rendered":"<section class=\"l-section wpb_row height_medium\"><div class=\"l-section-h i-cf\"><div class=\"g-cols vc_row via_grid cols_2-3 laptops-cols_2-3 tablets-cols_2 mobiles-cols_1 valign_top type_default stacking_default\"><div class=\"wpb_column vc_column_container\"><div class=\"vc_column-inner\"><h2 class=\"w-text us_custom_df5f4c97 has_text_color\"><span class=\"w-text-h\"><span class=\"w-text-value\">Contacte con nosotros<\/span><\/span><\/h2><div class=\"wpb_text_column\"><div class=\"wpb_wrapper\"><p>\u00bfTienes alguna pregunta sobre ShopWriter, necesitas ayuda con tu suscripci\u00f3n o quieres sugerir alguna funci\u00f3n? Estamos aqu\u00ed para ayudarte.<\/p>\n<\/div><\/div><div class=\"w-separator size_small\"><\/div><div class=\"w-text\"><span class=\"w-text-h\"><span class=\"w-text-value\">No dude en ponerse en contacto con nosotros:<\/span><\/span><\/div><div class=\"w-separator size_small\"><\/div><div class=\"w-iconbox us_custom_345c8b9d has_text_color iconpos_left style_default color_custom align_left no_title\"><a href=\"mailto:info@shop-writer.com\" class=\"w-iconbox-link\" aria-label=\"lejos|sobre\"><div class=\"w-iconbox-icon\" style=\"font-size:1rem;--icon-color:#2868ed;\"><i class=\"far fa-envelope\"><\/i><\/div><\/a><div class=\"w-iconbox-meta\"><div class=\"w-iconbox-text\"><p><a href=\"mailto:info@shop-writer.com\">info@shop-writer.com<\/a><\/p>\n<\/div><\/div><\/div><div class=\"w-separator size_small\"><\/div><div class=\"w-iconbox iconpos_left style_default color_custom align_left no_title\"><div class=\"w-iconbox-icon\" style=\"font-size:1rem;--icon-color:#2868ed;\"><i class=\"far fa-building\"><\/i><\/div><div class=\"w-iconbox-meta\"><div class=\"w-iconbox-text\"><p>Webshoptiger B.V.<\/p>\n<\/div><\/div><\/div><div class=\"w-separator size_small\"><\/div><div class=\"w-iconbox iconpos_left style_default color_custom align_left no_title\"><div class=\"w-iconbox-icon\" style=\"font-size:1rem;--icon-color:#2868ed;\"><i class=\"far fa-building\"><\/i><\/div><div class=\"w-iconbox-meta\"><div class=\"w-iconbox-text\"><p>C\u00e1mara de Comercio de los Pa\u00edses Bajos 84754575<\/p>\n<\/div><\/div><\/div><div class=\"w-separator size_small\"><\/div><div class=\"w-iconbox iconpos_left style_default color_custom align_left no_title\"><div class=\"w-iconbox-icon\" style=\"font-size:1rem;--icon-color:#2868ed;\"><i class=\"far fa-building\"><\/i><\/div><div class=\"w-iconbox-meta\"><div class=\"w-iconbox-text\"><p>N\u00famero de identificaci\u00f3n fiscal NL863349973B01<\/p>\n<\/div><\/div><\/div><\/div><\/div><div class=\"wpb_column vc_column_container\"><div class=\"vc_column-inner\"><form class=\"w-form  us-field-style_1 us_custom_32cb1087 layout_ver show_message_after_sending for_cform us_form_1\" action=\"https:\/\/shop-writer.com\/es\/es\/wp-json\/wp\/v2\/pages\/477\" method=\"post\" data-trp-original-action=\"https:\/\/shop-writer.com\/es\/es\/wp-json\/wp\/v2\/pages\/477\"><div class=\"w-form-h\"><div class=\"w-form-row for_text\">\r\n\t\t<div class=\"w-form-row-field\">\r\n\t\t\t\t\t\t<input aria-label=\"Nombre\" type=\"text\" name=\"us_form_1_text_1\" value placeholder=\"Nombre\"\/>\r\n\t\t\t<\/div>\r\n\t\t<div class=\"w-form-row-state\">Rellena este campo<\/div>\r\n<\/div>\r\n<div class=\"w-form-row for_email\">\r\n\t\t<div class=\"w-form-row-field\">\r\n\t\t\t\t\t\t<input aria-label=\"Correo electr\u00f3nico\" type=\"email\" name=\"us_form_1_email_1\" value placeholder=\"Correo electr\u00f3nico\"\/>\r\n\t\t\t<\/div>\r\n\t\t<div class=\"w-form-row-state\">Por favor, introduce una direcci\u00f3n de correo electr\u00f3nico v\u00e1lida.<\/div>\r\n<\/div>\r\n<div class=\"w-form-row for_text required\">\r\n\t\t<div class=\"w-form-row-field\">\r\n\t\t\t\t\t\t<input aria-label=\"Tel\u00e9fono\" type=\"text\" name=\"us_form_1_text_2\" value placeholder=\"Tel\u00e9fono *\" data-required=\"true\" aria-required=\"true\"\/>\r\n\t\t\t<\/div>\r\n\t\t<div class=\"w-form-row-state\">Rellena este campo<\/div>\r\n<\/div>\r\n<div class=\"w-form-row for_textarea\">\r\n\t\t<div class=\"w-form-row-field\">\r\n\t\t\t\t\t\t<textarea aria-label=\"Mensaje\" name=\"us_form_1_textarea_1\" placeholder=\"Mensaje\"><\/textarea>\r\n\t\t\t<\/div>\r\n\t\t<div class=\"w-form-row-state\">Rellena este campo<\/div>\r\n<\/div>\r\n<input type=\"hidden\" name=\"action\" value=\"us_ajax_cform\" \/>\r\n<input type=\"hidden\" name=\"post_id\" value=\"0\" \/>\r\n<input type=\"hidden\" name=\"form_index\" value=\"1\" \/>\r\n<div class=\"w-form-row for_submit align_none\">\r\n\t<button class=\"w-btn  us-btn-style_2\" aria-label=\"Enviar mensaje\" type=\"submit\">\r\n\t\t<span class=\"g-preloader type_1\"><\/span>\r\n\t\t\t\t<span class=\"w-btn-label\">Enviar mensaje<\/span>\r\n\t\t\t<\/button>\r\n\t<\/div>\r\n<\/div><div class=\"w-form-message\"><\/div><div class=\"w-form-json hidden\" onclick='return {&quot;ajaxurl&quot;:&quot;https:\\\/\\\/shop-writer.com\\\/wp-admin\\\/admin-ajax.php&quot;,&quot;messages&quot;:{&quot;err_empty&quot;:&quot;Rellena este campo&quot;,&quot;err_size&quot;:&quot;El tama\\u00f1o del archivo no puede exceder %s MB&quot;,&quot;err_extension&quot;:&quot;El tipo de archivo %s no est\\u00e1 permitido&quot;,&quot;err_recaptcha_keys&quot;:&quot;Las claves de reCAPTCHA son incorrectas&quot;}}'><\/div><input type=\"hidden\" name=\"trp-form-language\" value=\"es\"\/><\/form><div class=\"w-text us_custom_14e19a50\"><span class=\"w-text-h\"><span class=\"w-text-value\">Nuestro objetivo es responder en un plazo de 1 a 2 d\u00edas laborables.<\/span><\/span><\/div><div class=\"w-separator size_small with_line width_default thick_1 style_solid color_border align_center\"><div class=\"w-separator-h\"><\/div><\/div><\/div><\/div><\/div><\/div><\/section><section class=\"l-section wpb_row height_large\"><div class=\"l-section-h i-cf\"><div class=\"g-cols vc_row via_grid cols_1 laptops-cols_inherit tablets-cols_inherit mobiles-cols_1 valign_top type_default stacking_default\"><div class=\"wpb_column vc_column_container us_custom_d8dc669c has_text_color\"><div class=\"vc_column-overlay\" style=\"background:var(--color-header-transparent-text)\"><\/div><div class=\"vc_column-inner\"><div class=\"w-actionbox us_custom_c289d493 color_light controls_bottom\"><div class=\"w-actionbox-text\"><h2 class=\"w-actionbox-title\">Mejoremos juntos WooCommerce<\/h2><div class=\"w-actionbox-description\"><p>Si eres propietario de una tienda online, una agencia o un desarrollador, nos encantar\u00eda conocer tus comentarios e ideas. WooWriter se ha creado para ahorrarte tiempo, y tus comentarios nos ayudan a mejorarlo a\u00fan m\u00e1s.<\/p>\n<\/div><\/div><\/div><div class=\"w-separator size_small\"><\/div><\/div><\/div><\/div><\/div><\/section>","protected":false},"excerpt":{"rendered":"Contact UsHave a question about ShopWriter, need help with your subscription, or want to suggest a feature? We\u2019re here to help! Feel free to reach out to us anytime at:info@shop-writer.com Webshoptiger B.V. Chamber of Commerce The Netherlands 84754575 Tax ID NL863349973B01 Rellena este campo Por favor, introduce una direcci\u00f3n de correo electr\u00f3nico v\u00e1lida. Rellena este...","protected":false},"author":1,"featured_media":0,"parent":0,"menu_order":0,"comment_status":"closed","ping_status":"closed","template":"","meta":{"footnotes":""},"class_list":["post-477","page","type-page","status-publish","hentry"],"yoast_head":"<!-- This site is optimized with the Yoast SEO plugin v27.1.1 - https:\/\/yoast.com\/product\/yoast-seo-wordpress\/ -->\n<title>Contact ShopWriter \u2013 Get in Touch with Our AI Experts<\/title>\n<meta name=\"description\" content=\"Have questions about ShopWriter ? Contact our team to learn how our AI-powered tool can streamline your WooCommerce product content.\" \/>\n<meta name=\"robots\" content=\"index, follow, max-snippet:-1, max-image-preview:large, max-video-preview:-1\" \/>\n<link rel=\"canonical\" href=\"https:\/\/shop-writer.com\/es\/pongase-en-contacto-con\/\" \/>\n<meta property=\"og:locale\" content=\"es_ES\" \/>\n<meta property=\"og:type\" content=\"article\" \/>\n<meta property=\"og:title\" content=\"Contact ShopWriter \u2013 Get in Touch with Our AI Experts\" \/>\n<meta property=\"og:description\" content=\"Have questions about ShopWriter ? Contact our team to learn how our AI-powered tool can streamline your WooCommerce product content.\" \/>\n<meta property=\"og:url\" content=\"https:\/\/shop-writer.com\/es\/pongase-en-contacto-con\/\" \/>\n<meta property=\"og:site_name\" content=\"ShopWriter\" \/>\n<meta property=\"article:modified_time\" content=\"2026-02-19T10:47:33+00:00\" \/>\n<meta property=\"og:image\" content=\"https:\/\/shop-writer.com\/wp-content\/uploads\/2025\/05\/logo.png\" \/>\n\t<meta property=\"og:image:width\" content=\"500\" \/>\n\t<meta property=\"og:image:height\" content=\"223\" \/>\n\t<meta property=\"og:image:type\" content=\"image\/png\" \/>\n<meta name=\"twitter:card\" content=\"summary_large_image\" \/>\n<meta name=\"twitter:label1\" content=\"Tiempo de lectura\" \/>\n\t<meta name=\"twitter:data1\" content=\"1 minuto\" \/>\n<script type=\"application\/ld+json\" class=\"yoast-schema-graph\">{\"@context\":\"https:\/\/schema.org\",\"@graph\":[{\"@type\":\"WebPage\",\"@id\":\"https:\/\/shop-writer.com\/contact\/\",\"url\":\"https:\/\/shop-writer.com\/contact\/\",\"name\":\"Contact ShopWriter \u2013 Get in Touch with Our AI Experts\",\"isPartOf\":{\"@id\":\"https:\/\/shop-writer.com\/#website\"},\"datePublished\":\"2021-11-15T15:03:34+00:00\",\"dateModified\":\"2026-02-19T10:47:33+00:00\",\"description\":\"Have questions about ShopWriter ? Contact our team to learn how our AI-powered tool can streamline your WooCommerce product content.\",\"breadcrumb\":{\"@id\":\"https:\/\/shop-writer.com\/contact\/#breadcrumb\"},\"inLanguage\":\"es\",\"potentialAction\":[{\"@type\":\"ReadAction\",\"target\":[\"https:\/\/shop-writer.com\/contact\/\"]}]},{\"@type\":\"BreadcrumbList\",\"@id\":\"https:\/\/shop-writer.com\/contact\/#breadcrumb\",\"itemListElement\":[{\"@type\":\"ListItem\",\"position\":1,\"name\":\"Home\",\"item\":\"https:\/\/shop-writer.com\/\"},{\"@type\":\"ListItem\",\"position\":2,\"name\":\"Contact\"}]},{\"@type\":\"WebSite\",\"@id\":\"https:\/\/shop-writer.com\/#website\",\"url\":\"https:\/\/shop-writer.com\/\",\"name\":\"ShopWriter\",\"description\":\"\",\"publisher\":{\"@id\":\"https:\/\/shop-writer.com\/#organization\"},\"alternateName\":\"ShopWriter\",\"potentialAction\":[{\"@type\":\"SearchAction\",\"target\":{\"@type\":\"EntryPoint\",\"urlTemplate\":\"https:\/\/shop-writer.com\/?s={search_term_string}\"},\"query-input\":{\"@type\":\"PropertyValueSpecification\",\"valueRequired\":true,\"valueName\":\"search_term_string\"}}],\"inLanguage\":\"es\"},{\"@type\":\"Organization\",\"@id\":\"https:\/\/shop-writer.com\/#organization\",\"name\":\"ShopWriter\",\"alternateName\":\"ShopW\",\"url\":\"https:\/\/shop-writer.com\/\",\"logo\":{\"@type\":\"ImageObject\",\"inLanguage\":\"es\",\"@id\":\"https:\/\/shop-writer.com\/#\/schema\/logo\/image\/\",\"url\":\"\",\"contentUrl\":\"\",\"caption\":\"ShopWriter\"},\"image\":{\"@id\":\"https:\/\/shop-writer.com\/#\/schema\/logo\/image\/\"}}]}<\/script>\n<!-- \/ Yoast SEO plugin. -->","yoast_head_json":{"title":"Contacte con ShopWriter - P\u00f3ngase en contacto con nuestros expertos en IA","description":"\u00bfTienes preguntas sobre ShopWriter? Contacta con nuestro equipo para saber c\u00f3mo nuestra herramienta basada en IA puede optimizar el contenido de tus productos WooCommerce.","robots":{"index":"index","follow":"follow","max-snippet":"max-snippet:-1","max-image-preview":"max-image-preview:large","max-video-preview":"max-video-preview:-1"},"canonical":"https:\/\/shop-writer.com\/es\/pongase-en-contacto-con\/","og_locale":"es_ES","og_type":"article","og_title":"Contact ShopWriter \u2013 Get in Touch with Our AI Experts","og_description":"Have questions about ShopWriter ? Contact our team to learn how our AI-powered tool can streamline your WooCommerce product content.","og_url":"https:\/\/shop-writer.com\/es\/pongase-en-contacto-con\/","og_site_name":"ShopWriter","article_modified_time":"2026-02-19T10:47:33+00:00","og_image":[{"width":500,"height":223,"url":"https:\/\/shop-writer.com\/wp-content\/uploads\/2025\/05\/logo.png","type":"image\/png"}],"twitter_card":"summary_large_image","twitter_misc":{"Tiempo de lectura":"1 minuto"},"schema":{"@context":"https:\/\/schema.org","@graph":[{"@type":"WebPage","@id":"https:\/\/shop-writer.com\/contact\/","url":"https:\/\/shop-writer.com\/contact\/","name":"Contacte con ShopWriter - P\u00f3ngase en contacto con nuestros expertos en IA","isPartOf":{"@id":"https:\/\/shop-writer.com\/#website"},"datePublished":"2021-11-15T15:03:34+00:00","dateModified":"2026-02-19T10:47:33+00:00","description":"\u00bfTienes preguntas sobre ShopWriter? Contacta con nuestro equipo para saber c\u00f3mo nuestra herramienta basada en IA puede optimizar el contenido de tus productos WooCommerce.","breadcrumb":{"@id":"https:\/\/shop-writer.com\/contact\/#breadcrumb"},"inLanguage":"es","potentialAction":[{"@type":"ReadAction","target":["https:\/\/shop-writer.com\/contact\/"]}]},{"@type":"BreadcrumbList","@id":"https:\/\/shop-writer.com\/contact\/#breadcrumb","itemListElement":[{"@type":"ListItem","position":1,"name":"Home","item":"https:\/\/shop-writer.com\/"},{"@type":"ListItem","position":2,"name":"Contact"}]},{"@type":"WebSite","@id":"https:\/\/shop-writer.com\/#website","url":"https:\/\/shop-writer.com\/","name":"Escritor de tiendas","description":"","publisher":{"@id":"https:\/\/shop-writer.com\/#organization"},"alternateName":"ShopWriter","potentialAction":[{"@type":"SearchAction","target":{"@type":"EntryPoint","urlTemplate":"https:\/\/shop-writer.com\/?s={search_term_string}"},"query-input":{"@type":"PropertyValueSpecification","valueRequired":true,"valueName":"search_term_string"}}],"inLanguage":"es"},{"@type":"Organization","@id":"https:\/\/shop-writer.com\/#organization","name":"Escritor de tiendas","alternateName":"ShopW","url":"https:\/\/shop-writer.com\/","logo":{"@type":"ImageObject","inLanguage":"es","@id":"https:\/\/shop-writer.com\/#\/schema\/logo\/image\/","url":"","contentUrl":"","caption":"ShopWriter"},"image":{"@id":"https:\/\/shop-writer.com\/#\/schema\/logo\/image\/"}}]}},"_links":{"self":[{"href":"https:\/\/shop-writer.com\/es\/wp-json\/wp\/v2\/pages\/477","targetHints":{"allow":["GET"]}}],"collection":[{"href":"https:\/\/shop-writer.com\/es\/wp-json\/wp\/v2\/pages"}],"about":[{"href":"https:\/\/shop-writer.com\/es\/wp-json\/wp\/v2\/types\/page"}],"author":[{"embeddable":true,"href":"https:\/\/shop-writer.com\/es\/wp-json\/wp\/v2\/users\/1"}],"replies":[{"embeddable":true,"href":"https:\/\/shop-writer.com\/es\/wp-json\/wp\/v2\/comments?post=477"}],"version-history":[{"count":2,"href":"https:\/\/shop-writer.com\/es\/wp-json\/wp\/v2\/pages\/477\/revisions"}],"predecessor-version":[{"id":4415,"href":"https:\/\/shop-writer.com\/es\/wp-json\/wp\/v2\/pages\/477\/revisions\/4415"}],"wp:attachment":[{"href":"https:\/\/shop-writer.com\/es\/wp-json\/wp\/v2\/media?parent=477"}],"curies":[{"name":"wp","href":"https:\/\/api.w.org\/{rel}","templated":true}]}}