{"id":477,"date":"2021-11-15T15:03:34","date_gmt":"2021-11-15T15:03:34","guid":{"rendered":"https:\/\/impreza26.us-themes.com\/?page_id=477"},"modified":"2026-02-19T10:47:33","modified_gmt":"2026-02-19T10:47:33","slug":"contact","status":"publish","type":"page","link":"https:\/\/shop-writer.com\/fr\/contact\/","title":{"rendered":"Contact"},"content":{"rendered":"<section class=\"l-section wpb_row height_medium\"><div class=\"l-section-h i-cf\"><div class=\"g-cols vc_row via_grid cols_2-3 laptops-cols_2-3 tablets-cols_2 mobiles-cols_1 valign_top type_default stacking_default\"><div class=\"wpb_column vc_column_container\"><div class=\"vc_column-inner\"><h2 class=\"w-text us_custom_df5f4c97 has_text_color\"><span class=\"w-text-h\"><span class=\"w-text-value\">Nous contacter<\/span><\/span><\/h2><div class=\"wpb_text_column\"><div class=\"wpb_wrapper\"><p>Vous avez une question \u00e0 propos de ShopWriter, vous avez besoin d'aide pour votre abonnement, ou vous voulez sugg\u00e9rer une fonctionnalit\u00e9 ? Nous sommes l\u00e0 pour vous aider !<\/p>\n<\/div><\/div><div class=\"w-separator size_small\"><\/div><div class=\"w-text\"><span class=\"w-text-h\"><span class=\"w-text-value\">N'h\u00e9sitez pas \u00e0 nous contacter \u00e0 tout moment :<\/span><\/span><\/div><div class=\"w-separator size_small\"><\/div><div class=\"w-iconbox us_custom_345c8b9d has_text_color iconpos_left style_default color_custom align_left no_title\"><a href=\"mailto:info@shop-writer.com\" class=\"w-iconbox-link\" aria-label=\"far|enveloppe\"><div class=\"w-iconbox-icon\" style=\"font-size:1rem;--icon-color:#2868ed;\"><i class=\"far fa-envelope\"><\/i><\/div><\/a><div class=\"w-iconbox-meta\"><div class=\"w-iconbox-text\"><p><a href=\"mailto:info@shop-writer.com\">info@shop-writer.com<\/a><\/p>\n<\/div><\/div><\/div><div class=\"w-separator size_small\"><\/div><div class=\"w-iconbox iconpos_left style_default color_custom align_left no_title\"><div class=\"w-iconbox-icon\" style=\"font-size:1rem;--icon-color:#2868ed;\"><i class=\"far fa-building\"><\/i><\/div><div class=\"w-iconbox-meta\"><div class=\"w-iconbox-text\"><p>Webshoptiger B.V.<\/p>\n<\/div><\/div><\/div><div class=\"w-separator size_small\"><\/div><div class=\"w-iconbox iconpos_left style_default color_custom align_left no_title\"><div class=\"w-iconbox-icon\" style=\"font-size:1rem;--icon-color:#2868ed;\"><i class=\"far fa-building\"><\/i><\/div><div class=\"w-iconbox-meta\"><div class=\"w-iconbox-text\"><p>Chambre de commerce des Pays-Bas 84754575<\/p>\n<\/div><\/div><\/div><div class=\"w-separator size_small\"><\/div><div class=\"w-iconbox iconpos_left style_default color_custom align_left no_title\"><div class=\"w-iconbox-icon\" style=\"font-size:1rem;--icon-color:#2868ed;\"><i class=\"far fa-building\"><\/i><\/div><div class=\"w-iconbox-meta\"><div class=\"w-iconbox-text\"><p>Num\u00e9ro d'identification fiscale NL863349973B01<\/p>\n<\/div><\/div><\/div><\/div><\/div><div class=\"wpb_column vc_column_container\"><div class=\"vc_column-inner\"><form class=\"w-form  us-field-style_1 us_custom_32cb1087 layout_ver show_message_after_sending for_cform us_form_1\" action=\"https:\/\/shop-writer.com\/fr\/fr\/wp-json\/wp\/v2\/pages\/477\" method=\"post\" data-trp-original-action=\"https:\/\/shop-writer.com\/fr\/fr\/wp-json\/wp\/v2\/pages\/477\"><div class=\"w-form-h\"><div class=\"w-form-row for_text\">\r\n\t\t<div class=\"w-form-row-field\">\r\n\t\t\t\t\t\t<input aria-label=\"Nom\" type=\"text\" name=\"us_form_1_text_1\" value placeholder=\"Nom\"\/>\r\n\t\t\t<\/div>\r\n\t\t<div class=\"w-form-row-state\">Vous devez remplir ce champ<\/div>\r\n<\/div>\r\n<div class=\"w-form-row for_email\">\r\n\t\t<div class=\"w-form-row-field\">\r\n\t\t\t\t\t\t<input aria-label=\"Courriel\" type=\"email\" name=\"us_form_1_email_1\" value placeholder=\"Courriel\"\/>\r\n\t\t\t<\/div>\r\n\t\t<div class=\"w-form-row-state\">Veuillez saisir une adresse e-mail valide.<\/div>\r\n<\/div>\r\n<div class=\"w-form-row for_text required\">\r\n\t\t<div class=\"w-form-row-field\">\r\n\t\t\t\t\t\t<input aria-label=\"T\u00e9l\u00e9phone\" type=\"text\" name=\"us_form_1_text_2\" value placeholder=\"T\u00e9l\u00e9phone *\" data-required=\"true\" aria-required=\"true\"\/>\r\n\t\t\t<\/div>\r\n\t\t<div class=\"w-form-row-state\">Vous devez remplir ce champ<\/div>\r\n<\/div>\r\n<div class=\"w-form-row for_textarea\">\r\n\t\t<div class=\"w-form-row-field\">\r\n\t\t\t\t\t\t<textarea aria-label=\"Message\" name=\"us_form_1_textarea_1\" placeholder=\"Message\"><\/textarea>\r\n\t\t\t<\/div>\r\n\t\t<div class=\"w-form-row-state\">Vous devez remplir ce champ<\/div>\r\n<\/div>\r\n<input type=\"hidden\" name=\"action\" value=\"us_ajax_cform\" \/>\r\n<input type=\"hidden\" name=\"post_id\" value=\"0\" \/>\r\n<input type=\"hidden\" name=\"form_index\" value=\"1\" \/>\r\n<div class=\"w-form-row for_submit align_none\">\r\n\t<button class=\"w-btn  us-btn-style_2\" aria-label=\"Envoyer un message\" type=\"submit\">\r\n\t\t<span class=\"g-preloader type_1\"><\/span>\r\n\t\t\t\t<span class=\"w-btn-label\">Envoyer un message<\/span>\r\n\t\t\t<\/button>\r\n\t<\/div>\r\n<\/div><div class=\"w-form-message\"><\/div><div class=\"w-form-json hidden\" onclick='return {&quot;ajaxurl&quot;:&quot;https:\\\/\\\/shop-writer.com\\\/wp-admin\\\/admin-ajax.php&quot;,&quot;messages&quot;:{&quot;err_empty&quot;:&quot;Vous devez remplir ce champ&quot;,&quot;err_size&quot;:&quot;La taille du fichier ne peut pas d\\u00e9passer %s Mo&quot;,&quot;err_extension&quot;:&quot;Le type de fichier %s n&#039;est pas autoris\\u00e9&quot;,&quot;err_recaptcha_keys&quot;:&quot;Les cl\\u00e9s reCAPTCHA sont incorrectes&quot;}}'><\/div><input type=\"hidden\" name=\"trp-form-language\" value=\"fr\"\/><\/form><div class=\"w-text us_custom_14e19a50\"><span class=\"w-text-h\"><span class=\"w-text-value\">Nous nous effor\u00e7ons de r\u00e9pondre dans un d\u00e9lai de 1 \u00e0 2 jours ouvrables.<\/span><\/span><\/div><div class=\"w-separator size_small with_line width_default thick_1 style_solid color_border align_center\"><div class=\"w-separator-h\"><\/div><\/div><\/div><\/div><\/div><\/div><\/section><section class=\"l-section wpb_row height_large\"><div class=\"l-section-h i-cf\"><div class=\"g-cols vc_row via_grid cols_1 laptops-cols_inherit tablets-cols_inherit mobiles-cols_1 valign_top type_default stacking_default\"><div class=\"wpb_column vc_column_container us_custom_d8dc669c has_text_color\"><div class=\"vc_column-overlay\" style=\"background:var(--color-header-transparent-text)\"><\/div><div class=\"vc_column-inner\"><div class=\"w-actionbox us_custom_c289d493 color_light controls_bottom\"><div class=\"w-actionbox-text\"><h2 class=\"w-actionbox-title\">Am\u00e9liorons ensemble WooCommerce<\/h2><div class=\"w-actionbox-description\"><p>Que vous soyez propri\u00e9taire d'une boutique en ligne, d'une agence ou d'un d\u00e9veloppeur, nous aimerions conna\u00eetre votre avis et vos id\u00e9es. WooWriter est con\u00e7u pour vous faire gagner du temps - et vos commentaires nous aident \u00e0 l'am\u00e9liorer.<\/p>\n<\/div><\/div><\/div><div class=\"w-separator size_small\"><\/div><\/div><\/div><\/div><\/div><\/section>","protected":false},"excerpt":{"rendered":"Contact UsHave a question about ShopWriter, need help with your subscription, or want to suggest a feature? We\u2019re here to help! Feel free to reach out to us anytime at:info@shop-writer.com Webshoptiger B.V. Chamber of Commerce The Netherlands 84754575 Tax ID NL863349973B01 Vous devez remplir ce champ Veuillez saisir une adresse e-mail valide. Vous devez remplir...","protected":false},"author":1,"featured_media":0,"parent":0,"menu_order":0,"comment_status":"closed","ping_status":"closed","template":"","meta":{"footnotes":""},"class_list":["post-477","page","type-page","status-publish","hentry"],"yoast_head":"<!-- This site is optimized with the Yoast SEO plugin v27.1.1 - https:\/\/yoast.com\/product\/yoast-seo-wordpress\/ -->\n<title>Contact ShopWriter \u2013 Get in Touch with Our AI Experts<\/title>\n<meta name=\"description\" content=\"Have questions about ShopWriter ? Contact our team to learn how our AI-powered tool can streamline your WooCommerce product content.\" \/>\n<meta name=\"robots\" content=\"index, follow, max-snippet:-1, max-image-preview:large, max-video-preview:-1\" \/>\n<link rel=\"canonical\" href=\"https:\/\/shop-writer.com\/fr\/contact\/\" \/>\n<meta property=\"og:locale\" content=\"fr_FR\" \/>\n<meta property=\"og:type\" content=\"article\" \/>\n<meta property=\"og:title\" content=\"Contact ShopWriter \u2013 Get in Touch with Our AI Experts\" \/>\n<meta property=\"og:description\" content=\"Have questions about ShopWriter ? Contact our team to learn how our AI-powered tool can streamline your WooCommerce product content.\" \/>\n<meta property=\"og:url\" content=\"https:\/\/shop-writer.com\/fr\/contact\/\" \/>\n<meta property=\"og:site_name\" content=\"ShopWriter\" \/>\n<meta property=\"article:modified_time\" content=\"2026-02-19T10:47:33+00:00\" \/>\n<meta property=\"og:image\" content=\"https:\/\/shop-writer.com\/wp-content\/uploads\/2025\/05\/logo.png\" \/>\n\t<meta property=\"og:image:width\" content=\"500\" \/>\n\t<meta property=\"og:image:height\" content=\"223\" \/>\n\t<meta property=\"og:image:type\" content=\"image\/png\" \/>\n<meta name=\"twitter:card\" content=\"summary_large_image\" \/>\n<meta name=\"twitter:label1\" content=\"Dur\u00e9e de lecture estim\u00e9e\" \/>\n\t<meta name=\"twitter:data1\" content=\"1 minute\" \/>\n<script type=\"application\/ld+json\" class=\"yoast-schema-graph\">{\"@context\":\"https:\/\/schema.org\",\"@graph\":[{\"@type\":\"WebPage\",\"@id\":\"https:\/\/shop-writer.com\/contact\/\",\"url\":\"https:\/\/shop-writer.com\/contact\/\",\"name\":\"Contact ShopWriter \u2013 Get in Touch with Our AI Experts\",\"isPartOf\":{\"@id\":\"https:\/\/shop-writer.com\/#website\"},\"datePublished\":\"2021-11-15T15:03:34+00:00\",\"dateModified\":\"2026-02-19T10:47:33+00:00\",\"description\":\"Have questions about ShopWriter ? Contact our team to learn how our AI-powered tool can streamline your WooCommerce product content.\",\"breadcrumb\":{\"@id\":\"https:\/\/shop-writer.com\/contact\/#breadcrumb\"},\"inLanguage\":\"fr-FR\",\"potentialAction\":[{\"@type\":\"ReadAction\",\"target\":[\"https:\/\/shop-writer.com\/contact\/\"]}]},{\"@type\":\"BreadcrumbList\",\"@id\":\"https:\/\/shop-writer.com\/contact\/#breadcrumb\",\"itemListElement\":[{\"@type\":\"ListItem\",\"position\":1,\"name\":\"Home\",\"item\":\"https:\/\/shop-writer.com\/\"},{\"@type\":\"ListItem\",\"position\":2,\"name\":\"Contact\"}]},{\"@type\":\"WebSite\",\"@id\":\"https:\/\/shop-writer.com\/#website\",\"url\":\"https:\/\/shop-writer.com\/\",\"name\":\"ShopWriter\",\"description\":\"\",\"publisher\":{\"@id\":\"https:\/\/shop-writer.com\/#organization\"},\"alternateName\":\"ShopWriter\",\"potentialAction\":[{\"@type\":\"SearchAction\",\"target\":{\"@type\":\"EntryPoint\",\"urlTemplate\":\"https:\/\/shop-writer.com\/?s={search_term_string}\"},\"query-input\":{\"@type\":\"PropertyValueSpecification\",\"valueRequired\":true,\"valueName\":\"search_term_string\"}}],\"inLanguage\":\"fr-FR\"},{\"@type\":\"Organization\",\"@id\":\"https:\/\/shop-writer.com\/#organization\",\"name\":\"ShopWriter\",\"alternateName\":\"ShopW\",\"url\":\"https:\/\/shop-writer.com\/\",\"logo\":{\"@type\":\"ImageObject\",\"inLanguage\":\"fr-FR\",\"@id\":\"https:\/\/shop-writer.com\/#\/schema\/logo\/image\/\",\"url\":\"\",\"contentUrl\":\"\",\"caption\":\"ShopWriter\"},\"image\":{\"@id\":\"https:\/\/shop-writer.com\/#\/schema\/logo\/image\/\"}}]}<\/script>\n<!-- \/ Yoast SEO plugin. -->","yoast_head_json":{"title":"Contactez ShopWriter - Entrez en contact avec nos experts en IA","description":"Vous avez des questions sur ShopWriter ? Contactez notre \u00e9quipe pour d\u00e9couvrir comment notre outil dot\u00e9 d'une intelligence artificielle peut rationaliser le contenu de vos produits WooCommerce.","robots":{"index":"index","follow":"follow","max-snippet":"max-snippet:-1","max-image-preview":"max-image-preview:large","max-video-preview":"max-video-preview:-1"},"canonical":"https:\/\/shop-writer.com\/fr\/contact\/","og_locale":"fr_FR","og_type":"article","og_title":"Contact ShopWriter \u2013 Get in Touch with Our AI Experts","og_description":"Have questions about ShopWriter ? Contact our team to learn how our AI-powered tool can streamline your WooCommerce product content.","og_url":"https:\/\/shop-writer.com\/fr\/contact\/","og_site_name":"ShopWriter","article_modified_time":"2026-02-19T10:47:33+00:00","og_image":[{"width":500,"height":223,"url":"https:\/\/shop-writer.com\/wp-content\/uploads\/2025\/05\/logo.png","type":"image\/png"}],"twitter_card":"summary_large_image","twitter_misc":{"Dur\u00e9e de lecture estim\u00e9e":"1 minute"},"schema":{"@context":"https:\/\/schema.org","@graph":[{"@type":"WebPage","@id":"https:\/\/shop-writer.com\/contact\/","url":"https:\/\/shop-writer.com\/contact\/","name":"Contactez ShopWriter - Entrez en contact avec nos experts en IA","isPartOf":{"@id":"https:\/\/shop-writer.com\/#website"},"datePublished":"2021-11-15T15:03:34+00:00","dateModified":"2026-02-19T10:47:33+00:00","description":"Vous avez des questions sur ShopWriter ? Contactez notre \u00e9quipe pour d\u00e9couvrir comment notre outil dot\u00e9 d'une intelligence artificielle peut rationaliser le contenu de vos produits WooCommerce.","breadcrumb":{"@id":"https:\/\/shop-writer.com\/contact\/#breadcrumb"},"inLanguage":"fr-FR","potentialAction":[{"@type":"ReadAction","target":["https:\/\/shop-writer.com\/contact\/"]}]},{"@type":"BreadcrumbList","@id":"https:\/\/shop-writer.com\/contact\/#breadcrumb","itemListElement":[{"@type":"ListItem","position":1,"name":"Home","item":"https:\/\/shop-writer.com\/"},{"@type":"ListItem","position":2,"name":"Contact"}]},{"@type":"WebSite","@id":"https:\/\/shop-writer.com\/#website","url":"https:\/\/shop-writer.com\/","name":"ShopWriter","description":"","publisher":{"@id":"https:\/\/shop-writer.com\/#organization"},"alternateName":"ShopWriter","potentialAction":[{"@type":"SearchAction","target":{"@type":"EntryPoint","urlTemplate":"https:\/\/shop-writer.com\/?s={search_term_string}"},"query-input":{"@type":"PropertyValueSpecification","valueRequired":true,"valueName":"search_term_string"}}],"inLanguage":"fr-FR"},{"@type":"Organization","@id":"https:\/\/shop-writer.com\/#organization","name":"ShopWriter","alternateName":"ShopW","url":"https:\/\/shop-writer.com\/","logo":{"@type":"ImageObject","inLanguage":"fr-FR","@id":"https:\/\/shop-writer.com\/#\/schema\/logo\/image\/","url":"","contentUrl":"","caption":"ShopWriter"},"image":{"@id":"https:\/\/shop-writer.com\/#\/schema\/logo\/image\/"}}]}},"_links":{"self":[{"href":"https:\/\/shop-writer.com\/fr\/wp-json\/wp\/v2\/pages\/477","targetHints":{"allow":["GET"]}}],"collection":[{"href":"https:\/\/shop-writer.com\/fr\/wp-json\/wp\/v2\/pages"}],"about":[{"href":"https:\/\/shop-writer.com\/fr\/wp-json\/wp\/v2\/types\/page"}],"author":[{"embeddable":true,"href":"https:\/\/shop-writer.com\/fr\/wp-json\/wp\/v2\/users\/1"}],"replies":[{"embeddable":true,"href":"https:\/\/shop-writer.com\/fr\/wp-json\/wp\/v2\/comments?post=477"}],"version-history":[{"count":2,"href":"https:\/\/shop-writer.com\/fr\/wp-json\/wp\/v2\/pages\/477\/revisions"}],"predecessor-version":[{"id":4415,"href":"https:\/\/shop-writer.com\/fr\/wp-json\/wp\/v2\/pages\/477\/revisions\/4415"}],"wp:attachment":[{"href":"https:\/\/shop-writer.com\/fr\/wp-json\/wp\/v2\/media?parent=477"}],"curies":[{"name":"wp","href":"https:\/\/api.w.org\/{rel}","templated":true}]}}